{"id":4104,"date":"2025-03-15T14:22:48","date_gmt":"2025-03-15T14:22:48","guid":{"rendered":"https:\/\/www.tripsteem.com\/?page_id=4104"},"modified":"2025-03-15T14:32:26","modified_gmt":"2025-03-15T14:32:26","slug":"cheap-flights","status":"publish","type":"page","link":"https:\/\/www.tripsteem.com\/es\/cheap-flights\/","title":{"rendered":"Vuelos baratos"},"content":{"rendered":"<p><script async src=\"https:\/\/tp.media\/content?currency=usd&#038;trs=33540&#038;shmarker=265305&#038;show_hotels=true&#038;powered_by=false&#038;locale=en&#038;searchUrl=booking.airscanner.io%2Fflights&#038;primary_override=%2393e547&#038;color_button=%2393e547&#038;color_icons=%2393e547&#038;dark=%23262626&#038;light=%23FFFFFF&#038;secondary=%23FFFFFF&#038;special=%23C4C4C4&#038;color_focused=%2393e547&#038;border_radius=0&#038;no_labels=true&#038;plain=true&#038;promo_id=7879&#038;campaign_id=100\" charset=\"utf-8\"><\/script><\/p>\n<p><center><strong>Vuelos baratos, \u00a1grandes ahorros! Reserve billetes de avi\u00f3n baratos a los principales destinos del mundo. Disfrute de opciones flexibles y ofertas exclusivas adaptadas a su presupuesto. Viaje m\u00e1s y gaste menos.<\/strong><\/center><\/p>\n<h3 style=\"text-align: center;\">C\u00f3mo funciona<\/h3>\n<p style=\"text-align: center;\">1. Elija las ciudades de salida y destino.<\/p>\n<p style=\"text-align: center;\">2. Elija las fechas de su viaje pulsando \"Salida\" o \"Regreso\" para abrir el calendario.<\/p>\n<p style=\"text-align: center;\">3. Si va a reservar un viaje de ida, seleccione \"No necesito billete de vuelta\".<\/p>\n<p style=\"text-align: center;\">4. Introduzca el n\u00famero de pasajeros: adultos, ni\u00f1os (de 2 a 12 a\u00f1os) y beb\u00e9s (menores de 2 a\u00f1os). 5. A continuaci\u00f3n, elija la clase de cabina: Turista, Comfort, Business o Primera clase.<\/p>\n<p style=\"text-align: center;\">5. Marque la casilla \"Abrir\" si es necesario.<\/p>\n<p style=\"text-align: center;\">6. \u00bfEst\u00e1 listo? Haga clic en el bot\u00f3n grande \"Buscar vuelos\" para encontrar sus opciones.<\/p>\n<p style=\"text-align: center;\"><img decoding=\"async\" class=\"aligncenter\" src=\"https:\/\/i.imgur.com\/c3fw6AN.png\" \/><\/p>\n<p style=\"text-align: center;\">Si utilizas la aplicaci\u00f3n, aseg\u00farate de configurar tu pa\u00eds y moneda preferida en los ajustes regionales de tu perfil antes de iniciar la b\u00fasqueda.<\/p>\n<p style=\"text-align: center;\"><img decoding=\"async\" class=\"aligncenter\" src=\"https:\/\/i.imgur.com\/MLcRFGx.png\" \/><\/p>\n<h3 style=\"text-align: center;\">Resultados de la b\u00fasqueda<\/h3>\n<p style=\"text-align: center;\">Pulse \"Buscar vuelos\" para explorar todas las opciones disponibles, incluidos los vuelos m\u00e1s asequibles y convenientes. Destacamos las opciones m\u00e1s populares entre los viajeros y mostramos los vuelos directos si est\u00e1n disponibles. Tambi\u00e9n ver\u00e1s detalles como precios, horas de salida y llegada, aeropuertos, escalas, duraci\u00f3n de los vuelos y equipaje permitido. Compare y elija la opci\u00f3n que m\u00e1s le convenga.<\/p>\n<p style=\"text-align: center;\"><img decoding=\"async\" class=\"aligncenter\" src=\"https:\/\/i.imgur.com\/erbhhFu.png\" \/><\/p>\n<p style=\"text-align: center;\">Utilizamos s\u00edmbolos para indicar las caracter\u00edsticas de los vuelos. Por ejemplo, un reloj de arena representa escalas largas, mientras que una luna creciente indica escalas nocturnas. Estos iconos le ayudan a comprender r\u00e1pidamente los detalles de cada opci\u00f3n de vuelo.<\/p>\n<p style=\"text-align: center;\"><img decoding=\"async\" class=\"aligncenter\" src=\"https:\/\/i.imgur.com\/oeV8HWA.png\" \/><\/p>\n<p style=\"text-align: center;\">Para m\u00e1s informaci\u00f3n sobre las condiciones de los vuelos y las tarifas que ofrecen nuestros socios, haga clic en el billete o en el bot\u00f3n\u00a0<strong>\"Seleccionar billete\"<\/strong>\u00a0bot\u00f3n.<\/p>\n<p style=\"text-align: center;\">Para explorar las opciones de tarifas, incluidas las pol\u00edticas de cambio y reembolso, haga clic en\u00a0<strong>\"Cambiar la pol\u00edtica de cambios y devoluciones\".<\/strong><\/p>\n<p style=\"text-align: center;\">Para obtener informaci\u00f3n espec\u00edfica sobre el vuelo, como el n\u00famero de vuelo y el itinerario detallado, s\u00f3lo tiene que hacer clic en el billete o en el bot\u00f3n\u00a0<strong>Seleccionar billete<\/strong>\u00a0bot\u00f3n.<\/p>\n<p style=\"text-align: center;\"><img decoding=\"async\" class=\"aligncenter\" src=\"https:\/\/i.imgur.com\/fsCNV1c.jpeg\" \/><\/p>\n<h3 style=\"text-align: center;\">Filtros<\/h3>\n<p style=\"text-align: center;\">Utiliza el\u00a0<strong>filtros<\/strong>\u00a0para adaptar los resultados de la b\u00fasqueda a sus preferencias. Puede ajustar par\u00e1metros como el n\u00famero de escalas, las horas de salida y llegada, las franquicias de equipaje, la duraci\u00f3n de las escalas, los aeropuertos, las compa\u00f1\u00edas a\u00e9reas, etc. Seleccione las opciones pertinentes y marque las casillas junto a los criterios que desee aplicar.<\/p>\n<p style=\"text-align: center;\">Para restablecer todos los filtros y empezar de cero, utilice la funci\u00f3n\u00a0<strong>\"Restablecer filtros\"<\/strong>\u00a0opci\u00f3n. Esto le permite personalizar su b\u00fasqueda sin esfuerzo y encontrar el vuelo perfecto para sus necesidades.<\/p>\n<p style=\"text-align: center;\"><img decoding=\"async\" class=\"aligncenter\" src=\"https:\/\/i.imgur.com\/hjegxWa.jpeg\" \/><\/p>\n<p style=\"text-align: center;\">Tambi\u00e9n puede\u00a0<strong>ordenar los resultados<\/strong>\u00a0por precio o popularidad para encontrar r\u00e1pidamente las mejores opciones para su viaje.<\/p>\n<p style=\"text-align: center;\"><img decoding=\"async\" class=\"aligncenter\" src=\"https:\/\/i.imgur.com\/3SOm0Et.jpeg\" \/><\/p>\n<h3 style=\"text-align: center;\">Consejos \u00fatiles<\/h3>\n<p style=\"text-align: center;\">Reservas\u00a0<strong>billetes de vuelta<\/strong>\u00a0suele ser m\u00e1s barato que comprar vuelos de ida por separado. El calendario destaca las fechas m\u00e1s asequibles en\u00a0<strong>verde<\/strong>que le ayudar\u00e1n a encontrar f\u00e1cilmente las mejores ofertas.<\/p>\n<p style=\"text-align: center;\"><img decoding=\"async\" class=\"aligncenter\" src=\"https:\/\/i.imgur.com\/aW9mVht.jpeg\" \/><\/p>\n<p style=\"text-align: center;\">Al buscar, puede especificar no s\u00f3lo la ciudad, sino tambi\u00e9n el aeropuerto de llegada. Solo tienes que introducir el nombre de la ciudad y elegir el aeropuerto que prefieras de la lista.<\/p>\n<p style=\"text-align: center;\"><img decoding=\"async\" class=\"aligncenter\" src=\"https:\/\/i.imgur.com\/lLcuy91.jpeg\" \/><\/p>\n<h3 style=\"text-align: center;\">Comprar un billete<\/h3>\n<p style=\"text-align: center;\">Antes de comprar, revise la\u00a0<strong>tarjeta de billete<\/strong>\u00a0para conocer los detalles esenciales del vuelo, como la aerol\u00ednea operadora, las ciudades de salida y llegada y la disponibilidad de equipaje. Si el equipaje no est\u00e1 incluido, significa que el vendedor ofrece una tarifa sin equipaje, pero puedes a\u00f1adirlo m\u00e1s tarde durante el proceso de reserva en el sitio web del vendedor.<\/p>\n<p style=\"text-align: center;\">Haga clic en el bot\u00f3n\u00a0<strong>\"Seleccionar billete\"<\/strong>\u00a0para ver todas las ofertas disponibles de nuestros socios. La tarjeta de billete mostrar\u00e1 informaci\u00f3n sobre el equipaje y la opci\u00f3n de a\u00f1adir equipaje si no est\u00e1 incluido inicialmente.<\/p>\n<p style=\"text-align: center;\"><img decoding=\"async\" class=\"aligncenter\" src=\"https:\/\/i.imgur.com\/Scc4JKT.jpeg\" \/><\/p>\n<p style=\"text-align: center;\">Una vez redirigido al sitio web del vendedor, rellene el formulario de datos del pasajero, facilite un n\u00famero de tel\u00e9fono y una direcci\u00f3n de correo electr\u00f3nico v\u00e1lidos y elija el m\u00e9todo de pago.<\/p>\n<p style=\"text-align: center;\"><img decoding=\"async\" class=\"aligncenter\" src=\"https:\/\/i.imgur.com\/fENSI22.jpeg\" \/><\/p>\n<p style=\"text-align: center;\"><strong>Compruebe su direcci\u00f3n de correo electr\u00f3nico.<\/strong>\u00a0Un error tipogr\u00e1fico podr\u00eda impedir que recibiera su ticket, lo que le obligar\u00eda a ponerse en contacto con el vendedor para resolver el problema. Aseg\u00farate de que el correo electr\u00f3nico es correcto antes de continuar.<\/p>\n<p style=\"text-align: center;\">\u00bfListo para reservar? Haga clic en\u00a0<strong>\"Comprar billete\"<\/strong>\u00a0y le redirigiremos a la p\u00e1gina web del vendedor para finalizar la compra y el pago.<\/p>\n\n\n<div class=\"kk-star-ratings kksr-auto kksr-align-center kksr-valign-bottom\"\n    data-payload='{&quot;align&quot;:&quot;center&quot;,&quot;id&quot;:&quot;4104&quot;,&quot;slug&quot;:&quot;default&quot;,&quot;valign&quot;:&quot;bottom&quot;,&quot;ignore&quot;:&quot;&quot;,&quot;reference&quot;:&quot;auto&quot;,&quot;class&quot;:&quot;&quot;,&quot;count&quot;:&quot;7&quot;,&quot;legendonly&quot;:&quot;&quot;,&quot;readonly&quot;:&quot;&quot;,&quot;score&quot;:&quot;5&quot;,&quot;starsonly&quot;:&quot;&quot;,&quot;best&quot;:&quot;5&quot;,&quot;gap&quot;:&quot;5&quot;,&quot;greet&quot;:&quot;Rate this page&quot;,&quot;legend&quot;:&quot;5\\\/5 - (7 votos)&quot;,&quot;size&quot;:&quot;24&quot;,&quot;title&quot;:&quot;Cheap flights&quot;,&quot;width&quot;:&quot;142.5&quot;,&quot;_legend&quot;:&quot;{score}\\\/{best} - ({count} {votes})&quot;,&quot;font_factor&quot;:&quot;1.25&quot;}'>\n            \n<div class=\"kksr-stars\">\n    \n<div class=\"kksr-stars-inactive\">\n            <div class=\"kksr-star\" data-star=\"1\" style=\"padding-right: 5px\">\n            \n\n<div class=\"kksr-icon\" style=\"width: 24px; height: 24px;\"><\/div>\n        <\/div>\n            <div class=\"kksr-star\" data-star=\"2\" style=\"padding-right: 5px\">\n            \n\n<div class=\"kksr-icon\" style=\"width: 24px; height: 24px;\"><\/div>\n        <\/div>\n            <div class=\"kksr-star\" data-star=\"3\" style=\"padding-right: 5px\">\n            \n\n<div class=\"kksr-icon\" style=\"width: 24px; height: 24px;\"><\/div>\n        <\/div>\n            <div class=\"kksr-star\" data-star=\"4\" style=\"padding-right: 5px\">\n            \n\n<div class=\"kksr-icon\" style=\"width: 24px; height: 24px;\"><\/div>\n        <\/div>\n            <div class=\"kksr-star\" data-star=\"5\" style=\"padding-right: 5px\">\n            \n\n<div class=\"kksr-icon\" style=\"width: 24px; height: 24px;\"><\/div>\n        <\/div>\n    <\/div>\n    \n<div class=\"kksr-stars-active\" style=\"width: 142.5px;\">\n            <div class=\"kksr-star\" style=\"padding-right: 5px\">\n            \n\n<div class=\"kksr-icon\" style=\"width: 24px; height: 24px;\"><\/div>\n        <\/div>\n            <div class=\"kksr-star\" style=\"padding-right: 5px\">\n            \n\n<div class=\"kksr-icon\" style=\"width: 24px; height: 24px;\"><\/div>\n        <\/div>\n            <div class=\"kksr-star\" style=\"padding-right: 5px\">\n            \n\n<div class=\"kksr-icon\" style=\"width: 24px; height: 24px;\"><\/div>\n        <\/div>\n            <div class=\"kksr-star\" style=\"padding-right: 5px\">\n            \n\n<div class=\"kksr-icon\" style=\"width: 24px; height: 24px;\"><\/div>\n        <\/div>\n            <div class=\"kksr-star\" style=\"padding-right: 5px\">\n            \n\n<div class=\"kksr-icon\" style=\"width: 24px; height: 24px;\"><\/div>\n        <\/div>\n    <\/div>\n<\/div>\n                \n\n<div class=\"kksr-legend\" style=\"font-size: 19.2px;\">\n            5\/5 - (7 votos)    <\/div>\n    <\/div>","protected":false},"excerpt":{"rendered":"<p>Vuelos baratos, \u00a1grandes ahorros! Reserve billetes de avi\u00f3n baratos a los principales destinos del mundo. Disfrute de opciones flexibles y ofertas exclusivas adaptadas a su presupuesto. Viaje m\u00e1s y gaste menos. C\u00f3mo funciona 1. Elija las ciudades de salida y destino. 2. Elige las fechas de tu viaje tocando \"Salida\" o \"Regreso\" para abrir el calendario. 3. Si vas a reservar [...]<\/p>","protected":false},"author":1,"featured_media":0,"parent":0,"menu_order":0,"comment_status":"closed","ping_status":"closed","template":"elementor_header_footer","meta":{"footnotes":""},"class_list":["post-4104","page","type-page","status-publish"],"yoast_head":"<!-- This site is optimized with the Yoast SEO plugin v25.6 - https:\/\/yoast.com\/wordpress\/plugins\/seo\/ -->\n<title>Cheap flights - Tripsteem<\/title>\n<meta name=\"robots\" content=\"index, follow, max-snippet:-1, max-image-preview:large, max-video-preview:-1\" \/>\n<link rel=\"canonical\" href=\"https:\/\/www.tripsteem.com\/es\/cheap-flights\/\" \/>\n<meta property=\"og:locale\" content=\"es_ES\" \/>\n<meta property=\"og:type\" content=\"article\" \/>\n<meta property=\"og:title\" content=\"Cheap flights - Tripsteem\" \/>\n<meta property=\"og:description\" content=\"Cheap Flights, Big Savings! Book low-cost airfare to top destinations around the globe. Enjoy flexible options and exclusive deals tailored to your budget. Travel more, spend less! How It Works 1. Choose your departure and destination cities. 2. Pick your travel dates by tapping \u201cDeparture\u201d or \u201cReturn\u201d to open the calendar. 3. If you\u2019re booking [&hellip;]\" \/>\n<meta property=\"og:url\" content=\"https:\/\/www.tripsteem.com\/es\/cheap-flights\/\" \/>\n<meta property=\"og:site_name\" content=\"Tripsteem\" \/>\n<meta property=\"article:publisher\" content=\"https:\/\/www.facebook.com\/Tripsteem\" \/>\n<meta property=\"article:modified_time\" content=\"2025-03-15T14:32:26+00:00\" \/>\n<meta property=\"og:image\" content=\"https:\/\/i.imgur.com\/c3fw6AN.png\" \/>\n<meta name=\"twitter:card\" content=\"summary_large_image\" \/>\n<meta name=\"twitter:site\" content=\"@Tripsteem\" \/>\n<meta name=\"twitter:label1\" content=\"Tiempo de lectura\" \/>\n\t<meta name=\"twitter:data1\" content=\"5 minutos\" \/>\n<script type=\"application\/ld+json\" class=\"yoast-schema-graph\">{\"@context\":\"https:\/\/schema.org\",\"@graph\":[{\"@type\":\"WebPage\",\"@id\":\"https:\/\/www.tripsteem.com\/cheap-flights\/\",\"url\":\"https:\/\/www.tripsteem.com\/cheap-flights\/\",\"name\":\"Cheap flights - Tripsteem\",\"isPartOf\":{\"@id\":\"https:\/\/www.tripsteem.com\/#website\"},\"primaryImageOfPage\":{\"@id\":\"https:\/\/www.tripsteem.com\/cheap-flights\/#primaryimage\"},\"image\":{\"@id\":\"https:\/\/www.tripsteem.com\/cheap-flights\/#primaryimage\"},\"thumbnailUrl\":\"https:\/\/i.imgur.com\/c3fw6AN.png\",\"datePublished\":\"2025-03-15T14:22:48+00:00\",\"dateModified\":\"2025-03-15T14:32:26+00:00\",\"breadcrumb\":{\"@id\":\"https:\/\/www.tripsteem.com\/cheap-flights\/#breadcrumb\"},\"inLanguage\":\"es\",\"potentialAction\":[{\"@type\":\"ReadAction\",\"target\":[\"https:\/\/www.tripsteem.com\/cheap-flights\/\"]}]},{\"@type\":\"ImageObject\",\"inLanguage\":\"es\",\"@id\":\"https:\/\/www.tripsteem.com\/cheap-flights\/#primaryimage\",\"url\":\"https:\/\/i.imgur.com\/c3fw6AN.png\",\"contentUrl\":\"https:\/\/i.imgur.com\/c3fw6AN.png\"},{\"@type\":\"BreadcrumbList\",\"@id\":\"https:\/\/www.tripsteem.com\/cheap-flights\/#breadcrumb\",\"itemListElement\":[{\"@type\":\"ListItem\",\"position\":1,\"name\":\"Home\",\"item\":\"https:\/\/www.tripsteem.com\/\"},{\"@type\":\"ListItem\",\"position\":2,\"name\":\"Cheap flights\"}]},{\"@type\":\"WebSite\",\"@id\":\"https:\/\/www.tripsteem.com\/#website\",\"url\":\"https:\/\/www.tripsteem.com\/\",\"name\":\"Tripsteem\",\"description\":\"Travel Blogging\",\"publisher\":{\"@id\":\"https:\/\/www.tripsteem.com\/#organization\"},\"potentialAction\":[{\"@type\":\"SearchAction\",\"target\":{\"@type\":\"EntryPoint\",\"urlTemplate\":\"https:\/\/www.tripsteem.com\/?s={search_term_string}\"},\"query-input\":{\"@type\":\"PropertyValueSpecification\",\"valueRequired\":true,\"valueName\":\"search_term_string\"}}],\"inLanguage\":\"es\"},{\"@type\":\"Organization\",\"@id\":\"https:\/\/www.tripsteem.com\/#organization\",\"name\":\"Tripsteem\",\"url\":\"https:\/\/www.tripsteem.com\/\",\"logo\":{\"@type\":\"ImageObject\",\"inLanguage\":\"es\",\"@id\":\"https:\/\/www.tripsteem.com\/#\/schema\/logo\/image\/\",\"url\":\"https:\/\/www.tripsteem.com\/wp-content\/uploads\/2025\/03\/tripsteem.png\",\"contentUrl\":\"https:\/\/www.tripsteem.com\/wp-content\/uploads\/2025\/03\/tripsteem.png\",\"width\":512,\"height\":512,\"caption\":\"Tripsteem\"},\"image\":{\"@id\":\"https:\/\/www.tripsteem.com\/#\/schema\/logo\/image\/\"},\"sameAs\":[\"https:\/\/www.facebook.com\/Tripsteem\",\"https:\/\/x.com\/Tripsteem\",\"https:\/\/www.youtube.com\/@Tripsteem\",\"https:\/\/www.pinterest.com\/Tripsteem\"]}]}<\/script>\n<!-- \/ Yoast SEO plugin. -->","yoast_head_json":{"title":"Vuelos baratos - Tripsteem,vuelos baratos","robots":{"index":"index","follow":"follow","max-snippet":"max-snippet:-1","max-image-preview":"max-image-preview:large","max-video-preview":"max-video-preview:-1"},"canonical":"https:\/\/www.tripsteem.com\/es\/cheap-flights\/","og_locale":"es_ES","og_type":"article","og_title":"Cheap flights - Tripsteem","og_description":"Cheap Flights, Big Savings! Book low-cost airfare to top destinations around the globe. Enjoy flexible options and exclusive deals tailored to your budget. Travel more, spend less! How It Works 1. Choose your departure and destination cities. 2. Pick your travel dates by tapping \u201cDeparture\u201d or \u201cReturn\u201d to open the calendar. 3. If you\u2019re booking [&hellip;]","og_url":"https:\/\/www.tripsteem.com\/es\/cheap-flights\/","og_site_name":"Tripsteem","article_publisher":"https:\/\/www.facebook.com\/Tripsteem","article_modified_time":"2025-03-15T14:32:26+00:00","og_image":[{"url":"https:\/\/i.imgur.com\/c3fw6AN.png","type":"","width":"","height":""}],"twitter_card":"summary_large_image","twitter_site":"@Tripsteem","twitter_misc":{"Tiempo de lectura":"5 minutos"},"schema":{"@context":"https:\/\/schema.org","@graph":[{"@type":"WebPage","@id":"https:\/\/www.tripsteem.com\/cheap-flights\/","url":"https:\/\/www.tripsteem.com\/cheap-flights\/","name":"Vuelos baratos - Tripsteem,vuelos baratos","isPartOf":{"@id":"https:\/\/www.tripsteem.com\/#website"},"primaryImageOfPage":{"@id":"https:\/\/www.tripsteem.com\/cheap-flights\/#primaryimage"},"image":{"@id":"https:\/\/www.tripsteem.com\/cheap-flights\/#primaryimage"},"thumbnailUrl":"https:\/\/i.imgur.com\/c3fw6AN.png","datePublished":"2025-03-15T14:22:48+00:00","dateModified":"2025-03-15T14:32:26+00:00","breadcrumb":{"@id":"https:\/\/www.tripsteem.com\/cheap-flights\/#breadcrumb"},"inLanguage":"es","potentialAction":[{"@type":"ReadAction","target":["https:\/\/www.tripsteem.com\/cheap-flights\/"]}]},{"@type":"ImageObject","inLanguage":"es","@id":"https:\/\/www.tripsteem.com\/cheap-flights\/#primaryimage","url":"https:\/\/i.imgur.com\/c3fw6AN.png","contentUrl":"https:\/\/i.imgur.com\/c3fw6AN.png"},{"@type":"BreadcrumbList","@id":"https:\/\/www.tripsteem.com\/cheap-flights\/#breadcrumb","itemListElement":[{"@type":"ListItem","position":1,"name":"Home","item":"https:\/\/www.tripsteem.com\/"},{"@type":"ListItem","position":2,"name":"Cheap flights"}]},{"@type":"WebSite","@id":"https:\/\/www.tripsteem.com\/#website","url":"https:\/\/www.tripsteem.com\/","name":"Tripsteem","description":"Blogs de viajes","publisher":{"@id":"https:\/\/www.tripsteem.com\/#organization"},"potentialAction":[{"@type":"SearchAction","target":{"@type":"EntryPoint","urlTemplate":"https:\/\/www.tripsteem.com\/?s={search_term_string}"},"query-input":{"@type":"PropertyValueSpecification","valueRequired":true,"valueName":"search_term_string"}}],"inLanguage":"es"},{"@type":"Organization","@id":"https:\/\/www.tripsteem.com\/#organization","name":"Tripsteem","url":"https:\/\/www.tripsteem.com\/","logo":{"@type":"ImageObject","inLanguage":"es","@id":"https:\/\/www.tripsteem.com\/#\/schema\/logo\/image\/","url":"https:\/\/www.tripsteem.com\/wp-content\/uploads\/2025\/03\/tripsteem.png","contentUrl":"https:\/\/www.tripsteem.com\/wp-content\/uploads\/2025\/03\/tripsteem.png","width":512,"height":512,"caption":"Tripsteem"},"image":{"@id":"https:\/\/www.tripsteem.com\/#\/schema\/logo\/image\/"},"sameAs":["https:\/\/www.facebook.com\/Tripsteem","https:\/\/x.com\/Tripsteem","https:\/\/www.youtube.com\/@Tripsteem","https:\/\/www.pinterest.com\/Tripsteem"]}]}},"_links":{"self":[{"href":"https:\/\/www.tripsteem.com\/es\/wp-json\/wp\/v2\/pages\/4104","targetHints":{"allow":["GET"]}}],"collection":[{"href":"https:\/\/www.tripsteem.com\/es\/wp-json\/wp\/v2\/pages"}],"about":[{"href":"https:\/\/www.tripsteem.com\/es\/wp-json\/wp\/v2\/types\/page"}],"author":[{"embeddable":true,"href":"https:\/\/www.tripsteem.com\/es\/wp-json\/wp\/v2\/users\/1"}],"replies":[{"embeddable":true,"href":"https:\/\/www.tripsteem.com\/es\/wp-json\/wp\/v2\/comments?post=4104"}],"version-history":[{"count":0,"href":"https:\/\/www.tripsteem.com\/es\/wp-json\/wp\/v2\/pages\/4104\/revisions"}],"wp:attachment":[{"href":"https:\/\/www.tripsteem.com\/es\/wp-json\/wp\/v2\/media?parent=4104"}],"curies":[{"name":"wp","href":"https:\/\/api.w.org\/{rel}","templated":true}]}}